{"id":145,"date":"2021-01-27T16:46:56","date_gmt":"2021-01-27T15:46:56","guid":{"rendered":"https:\/\/zahnarzt-adligenswil.ch\/?page_id=145"},"modified":"2021-04-19T08:14:07","modified_gmt":"2021-04-19T07:14:07","slug":"behandlungen","status":"publish","type":"page","link":"https:\/\/zahnarzt-adligenswil.ch\/?page_id=145","title":{"rendered":"Behandlungen"},"content":{"rendered":"\n<div class=\"wp-block-columns is-layout-flex wp-container-core-columns-is-layout-9d6595d7 wp-block-columns-is-layout-flex\">\n<div class=\"wp-block-column is-layout-flow wp-block-column-is-layout-flow\" style=\"flex-basis:33.33%\">\n<figure class=\"wp-block-image size-medium is-style-default\"><img loading=\"lazy\" decoding=\"async\" width=\"300\" height=\"300\" src=\"https:\/\/zahnarzt-adligenswil.ch\/wp-content\/uploads\/2021\/01\/Smile-1-300x300.jpg\" alt=\"\" class=\"wp-image-195\" srcset=\"https:\/\/zahnarzt-adligenswil.ch\/wp-content\/uploads\/2021\/01\/Smile-1-300x300.jpg 300w, https:\/\/zahnarzt-adligenswil.ch\/wp-content\/uploads\/2021\/01\/Smile-1-1024x1024.jpg 1024w, https:\/\/zahnarzt-adligenswil.ch\/wp-content\/uploads\/2021\/01\/Smile-1-150x150.jpg 150w, https:\/\/zahnarzt-adligenswil.ch\/wp-content\/uploads\/2021\/01\/Smile-1-768x768.jpg 768w, https:\/\/zahnarzt-adligenswil.ch\/wp-content\/uploads\/2021\/01\/Smile-1-660x660.jpg 660w, https:\/\/zahnarzt-adligenswil.ch\/wp-content\/uploads\/2021\/01\/Smile-1.jpg 1080w\" sizes=\"auto, (max-width: 300px) 100vw, 300px\" \/><\/figure>\n<\/div>\n\n\n\n<div class=\"wp-block-column is-layout-flow wp-block-column-is-layout-flow\" style=\"flex-basis:66.66%\">\n<p style=\"font-size:25px\">Beratung<\/p>\n\n\n\n<p>Eine umfassende und individuelle Beratung ist die Grundlage einer erfolgreichen Behandlung. Dr. med. dent. Beat Huber oder unsere <a rel=\"noreferrer noopener\" href=\"https:\/\/zahnarzt-adligenswil.ch\/?page_id=84\" target=\"_blank\">Dentalhygienikerinnen<\/a> erfragen die W\u00fcnsche und Erwartungen des Patienten und nehmen zudem eine Eingangsuntersuchung vor, damit sie sich ein Bild vom gesundheitlichen Zustand der Z\u00e4hne und des Zahnfleisches machen k\u00f6nnen.<br><a href=\"https:\/\/zahnarzt-adligenswil.ch\/?page_id=68(\u00f6ffnet in neuem Tab)\">Kontaktieren Sie uns.<\/a><\/p>\n<\/div>\n<\/div>\n\n\n\n<div class=\"wp-block-columns is-layout-flex wp-container-core-columns-is-layout-9d6595d7 wp-block-columns-is-layout-flex\">\n<div class=\"wp-block-column is-layout-flow wp-block-column-is-layout-flow\" style=\"flex-basis:33.33%\">\n<figure class=\"wp-block-image size-medium is-style-default\"><img loading=\"lazy\" decoding=\"async\" width=\"300\" height=\"300\" src=\"https:\/\/zahnarzt-adligenswil.ch\/wp-content\/uploads\/2021\/01\/Behandlung-1-300x300.jpg\" alt=\"\" class=\"wp-image-187\" srcset=\"https:\/\/zahnarzt-adligenswil.ch\/wp-content\/uploads\/2021\/01\/Behandlung-1-300x300.jpg 300w, https:\/\/zahnarzt-adligenswil.ch\/wp-content\/uploads\/2021\/01\/Behandlung-1-1024x1024.jpg 1024w, https:\/\/zahnarzt-adligenswil.ch\/wp-content\/uploads\/2021\/01\/Behandlung-1-150x150.jpg 150w, https:\/\/zahnarzt-adligenswil.ch\/wp-content\/uploads\/2021\/01\/Behandlung-1-768x768.jpg 768w, https:\/\/zahnarzt-adligenswil.ch\/wp-content\/uploads\/2021\/01\/Behandlung-1-660x660.jpg 660w, https:\/\/zahnarzt-adligenswil.ch\/wp-content\/uploads\/2021\/01\/Behandlung-1.jpg 1080w\" sizes=\"auto, (max-width: 300px) 100vw, 300px\" \/><\/figure>\n<\/div>\n\n\n\n<div class=\"wp-block-column is-layout-flow wp-block-column-is-layout-flow\" style=\"flex-basis:66.66%\">\n<p class=\"has-medium-font-size\">Prophylaxe und Dentalhygiene<\/p>\n\n\n\n<p>Gesunde, gepflegte Z\u00e4hne, Zahnfleisch und Zahnhalteapparat sind die Leidenschaft unserer <a rel=\"noreferrer noopener\" href=\"https:\/\/zahnarzt-adligenswil.ch\/?page_id=84\" target=\"_blank\">Dentalhygienikerinnen<\/a>. Mit einer regelm\u00e4ssigen professionellen Zahnreinigung, Zahnsteinentfernung und eventuell der Behandlung von Zahnfleischentz\u00fcndungen bleibt die langfristige Zahngesundheit erhalten.<\/p>\n<\/div>\n<\/div>\n\n\n\n<div class=\"wp-block-columns is-layout-flex wp-container-core-columns-is-layout-9d6595d7 wp-block-columns-is-layout-flex\">\n<div class=\"wp-block-column is-layout-flow wp-block-column-is-layout-flow\" style=\"flex-basis:33.33%\">\n<figure class=\"wp-block-image size-medium is-style-default\"><img loading=\"lazy\" decoding=\"async\" width=\"300\" height=\"300\" src=\"https:\/\/zahnarzt-adligenswil.ch\/wp-content\/uploads\/2021\/01\/Schlafschiene-300x300.jpg\" alt=\"\" class=\"wp-image-189\" srcset=\"https:\/\/zahnarzt-adligenswil.ch\/wp-content\/uploads\/2021\/01\/Schlafschiene-300x300.jpg 300w, https:\/\/zahnarzt-adligenswil.ch\/wp-content\/uploads\/2021\/01\/Schlafschiene-1024x1024.jpg 1024w, https:\/\/zahnarzt-adligenswil.ch\/wp-content\/uploads\/2021\/01\/Schlafschiene-150x150.jpg 150w, https:\/\/zahnarzt-adligenswil.ch\/wp-content\/uploads\/2021\/01\/Schlafschiene-768x768.jpg 768w, https:\/\/zahnarzt-adligenswil.ch\/wp-content\/uploads\/2021\/01\/Schlafschiene-660x660.jpg 660w, https:\/\/zahnarzt-adligenswil.ch\/wp-content\/uploads\/2021\/01\/Schlafschiene.jpg 1080w\" sizes=\"auto, (max-width: 300px) 100vw, 300px\" \/><\/figure>\n<\/div>\n\n\n\n<div class=\"wp-block-column is-layout-flow wp-block-column-is-layout-flow\" style=\"flex-basis:66.66%\">\n<p style=\"font-size:25px\">Knirschschiene<\/p>\n\n\n\n<p>Durch das Knirschen wird nicht nur die Zahnsubstanz mechanisch abgetragen, es f\u00fchrt h\u00e4ufig auch zu Verspannungen der Kau- und Halsmuskulatur oder gar zu Kiefergelenks-, Kopf- und Halsmuskelschmerzen. Durch das n\u00e4chtliche Tragen einer individuellen Knirschschiene (oder Michiganschiene) wird das Knirschen verhindert und damit verbundene Verspannungen und Schmerzen minimiert.<\/p>\n<\/div>\n<\/div>\n\n\n\n<div class=\"wp-block-columns is-layout-flex wp-container-core-columns-is-layout-9d6595d7 wp-block-columns-is-layout-flex\">\n<div class=\"wp-block-column is-layout-flow wp-block-column-is-layout-flow\" style=\"flex-basis:33.33%\">\n<figure class=\"wp-block-image size-medium is-style-default\"><img loading=\"lazy\" decoding=\"async\" width=\"300\" height=\"300\" src=\"https:\/\/zahnarzt-adligenswil.ch\/wp-content\/uploads\/2021\/01\/Schnarchen-300x300.jpg\" alt=\"\" class=\"wp-image-210\" srcset=\"https:\/\/zahnarzt-adligenswil.ch\/wp-content\/uploads\/2021\/01\/Schnarchen-300x300.jpg 300w, https:\/\/zahnarzt-adligenswil.ch\/wp-content\/uploads\/2021\/01\/Schnarchen-1024x1024.jpg 1024w, https:\/\/zahnarzt-adligenswil.ch\/wp-content\/uploads\/2021\/01\/Schnarchen-150x150.jpg 150w, https:\/\/zahnarzt-adligenswil.ch\/wp-content\/uploads\/2021\/01\/Schnarchen-768x768.jpg 768w, https:\/\/zahnarzt-adligenswil.ch\/wp-content\/uploads\/2021\/01\/Schnarchen-660x660.jpg 660w, https:\/\/zahnarzt-adligenswil.ch\/wp-content\/uploads\/2021\/01\/Schnarchen.jpg 1080w\" sizes=\"auto, (max-width: 300px) 100vw, 300px\" \/><\/figure>\n<\/div>\n\n\n\n<div class=\"wp-block-column is-layout-flow wp-block-column-is-layout-flow\" style=\"flex-basis:66.66%\">\n<p style=\"font-size:25px\">Schnarchschschiene<\/p>\n\n\n\n<p>Das Schnarchen st\u00f6rt\u00a0nicht nur den Partner, sondern kann auch die Gesundheit\u00a0gef\u00e4hrden.\u00a0So beispielsweise wenn die betroffene Person an einer Schlafapnoe leidet und deswegen ihr Atem beim Schnarchen immer wieder aussetzt. Dadurch schlafen die Personen nicht durch, M\u00fcdigkeit und Ersch\u00f6pftheit sind oftmals die Folge. Der Sauerstoffmangel kann abr auch zu Herz-Kreislauf-Erkrankungen f\u00fchren.<\/p>\n<\/div>\n<\/div>\n\n\n\n<div class=\"wp-block-columns is-layout-flex wp-container-core-columns-is-layout-9d6595d7 wp-block-columns-is-layout-flex\">\n<div class=\"wp-block-column is-layout-flow wp-block-column-is-layout-flow\" style=\"flex-basis:33.33%\">\n<figure class=\"wp-block-image size-medium is-style-default\"><img loading=\"lazy\" decoding=\"async\" width=\"300\" height=\"300\" src=\"https:\/\/zahnarzt-adligenswil.ch\/wp-content\/uploads\/2021\/01\/Hockey-1-300x300.jpg\" alt=\"\" class=\"wp-image-194\" srcset=\"https:\/\/zahnarzt-adligenswil.ch\/wp-content\/uploads\/2021\/01\/Hockey-1-300x300.jpg 300w, https:\/\/zahnarzt-adligenswil.ch\/wp-content\/uploads\/2021\/01\/Hockey-1-1024x1024.jpg 1024w, https:\/\/zahnarzt-adligenswil.ch\/wp-content\/uploads\/2021\/01\/Hockey-1-150x150.jpg 150w, https:\/\/zahnarzt-adligenswil.ch\/wp-content\/uploads\/2021\/01\/Hockey-1-768x768.jpg 768w, https:\/\/zahnarzt-adligenswil.ch\/wp-content\/uploads\/2021\/01\/Hockey-1-660x660.jpg 660w, https:\/\/zahnarzt-adligenswil.ch\/wp-content\/uploads\/2021\/01\/Hockey-1.jpg 1080w\" sizes=\"auto, (max-width: 300px) 100vw, 300px\" \/><\/figure>\n<\/div>\n\n\n\n<div class=\"wp-block-column is-layout-flow wp-block-column-is-layout-flow\" style=\"flex-basis:66.66%\">\n<p style=\"font-size:25px\">Sportschutz <\/p>\n\n\n\n<p>Als Vater eines Eishockeyaners wurde Dr. med. dent. Huber mehrmals wegen Zahnsch\u00e4den oder gar Zahnverlust w\u00e4hrend Spielen auf das Eisfeld geholt. Leider geh\u00f6ren bis heute Helm, Knieschoner und andere Schutzkleidung zur Standardausr\u00fcstung &#8211; jedoch nicht der Zahnschutz. Im Gegensatz zu einem konfektionierten Zahnschutz\u00a0passen\u00a0die individuell gefertigten Schutzschienen\u00a0exakt auf die Zahnreihe\u00a0des Sportlers und erh\u00f6hen so den Schutzfaktor massiv.<\/p>\n<\/div>\n<\/div>\n\n\n\n<div class=\"wp-block-columns is-layout-flex wp-container-core-columns-is-layout-9d6595d7 wp-block-columns-is-layout-flex\">\n<div class=\"wp-block-column is-layout-flow wp-block-column-is-layout-flow\" style=\"flex-basis:33.33%\">\n<figure class=\"wp-block-image size-medium is-style-default\"><img loading=\"lazy\" decoding=\"async\" width=\"300\" height=\"300\" src=\"https:\/\/zahnarzt-adligenswil.ch\/wp-content\/uploads\/2021\/01\/Kind-300x300.jpg\" alt=\"\" class=\"wp-image-203\" srcset=\"https:\/\/zahnarzt-adligenswil.ch\/wp-content\/uploads\/2021\/01\/Kind-300x300.jpg 300w, https:\/\/zahnarzt-adligenswil.ch\/wp-content\/uploads\/2021\/01\/Kind-1024x1024.jpg 1024w, https:\/\/zahnarzt-adligenswil.ch\/wp-content\/uploads\/2021\/01\/Kind-150x150.jpg 150w, https:\/\/zahnarzt-adligenswil.ch\/wp-content\/uploads\/2021\/01\/Kind-768x768.jpg 768w, https:\/\/zahnarzt-adligenswil.ch\/wp-content\/uploads\/2021\/01\/Kind-660x660.jpg 660w, https:\/\/zahnarzt-adligenswil.ch\/wp-content\/uploads\/2021\/01\/Kind.jpg 1080w\" sizes=\"auto, (max-width: 300px) 100vw, 300px\" \/><\/figure>\n<\/div>\n\n\n\n<div class=\"wp-block-column is-layout-flow wp-block-column-is-layout-flow\" style=\"flex-basis:66.66%\">\n<p style=\"font-size:25px\">Kinderzahnmedizin<\/p>\n\n\n\n<p>Als <a rel=\"noreferrer noopener\" href=\"https:\/\/www.adligenswil.ch\/politik-und-verwaltung\/abteilungen\/bildung-und-kultur.html\/41\" target=\"_blank\">Schulzahnarzt der Gemeinde Adligenswil<\/a> behandelt das Team viele Kinder und Jugendliche. Dabei ist die vertrauensvolle Beziehung zwischen Kind, Eltern und dem behandelnden Zahnarzt sehr wichtig. Unser Ziel ist es, die Besuche in unserer Praxis mit einem positiven Gef\u00fchl zu verbinden und gleichzeitig die Gesundheit der Milchz\u00e4hne aufrechtzuerhalten. Denn sie unterst\u00fctzen die Verdauung, f\u00f6rdern die Sprachentwicklung und helfen Zahn-Fehlstellungen zu vermeiden.<\/p>\n<\/div>\n<\/div>\n\n\n\n<div class=\"wp-block-columns is-layout-flex wp-container-core-columns-is-layout-9d6595d7 wp-block-columns-is-layout-flex\">\n<div class=\"wp-block-column is-layout-flow wp-block-column-is-layout-flow\" style=\"flex-basis:33.33%\">\n<figure class=\"wp-block-image size-medium is-style-default\"><img loading=\"lazy\" decoding=\"async\" width=\"300\" height=\"300\" src=\"https:\/\/zahnarzt-adligenswil.ch\/wp-content\/uploads\/2021\/01\/Krone-300x300.jpg\" alt=\"\" class=\"wp-image-204\" srcset=\"https:\/\/zahnarzt-adligenswil.ch\/wp-content\/uploads\/2021\/01\/Krone-300x300.jpg 300w, https:\/\/zahnarzt-adligenswil.ch\/wp-content\/uploads\/2021\/01\/Krone-1024x1024.jpg 1024w, https:\/\/zahnarzt-adligenswil.ch\/wp-content\/uploads\/2021\/01\/Krone-150x150.jpg 150w, https:\/\/zahnarzt-adligenswil.ch\/wp-content\/uploads\/2021\/01\/Krone-768x768.jpg 768w, https:\/\/zahnarzt-adligenswil.ch\/wp-content\/uploads\/2021\/01\/Krone-660x660.jpg 660w, https:\/\/zahnarzt-adligenswil.ch\/wp-content\/uploads\/2021\/01\/Krone.jpg 1080w\" sizes=\"auto, (max-width: 300px) 100vw, 300px\" \/><\/figure>\n<\/div>\n\n\n\n<div class=\"wp-block-column is-layout-flow wp-block-column-is-layout-flow\" style=\"flex-basis:66.66%\">\n<p style=\"font-size:25px\">Rekonstruktive Zahnmedizin<\/p>\n\n\n\n<p>Kronen, Br\u00fccken, Prothesen oder Implantate kommen dann zum Einsatz, wenn sehr viel Zahnsubstanz verloren oder sogar Z\u00e4hne fehlen. Die genannten M\u00f6glichkeiten stellen die Kauf\u00e4higkeit wieder her. Daf\u00fcr arbeiten wir ausschliesslich mit Schweizer zahntechnischen Laboren zusammen.<\/p>\n<\/div>\n<\/div>\n\n\n\n<div class=\"wp-block-columns is-layout-flex wp-container-core-columns-is-layout-9d6595d7 wp-block-columns-is-layout-flex\">\n<div class=\"wp-block-column is-layout-flow wp-block-column-is-layout-flow\" style=\"flex-basis:33.33%\">\n<figure class=\"wp-block-image size-large is-style-default\"><img loading=\"lazy\" decoding=\"async\" width=\"1024\" height=\"1024\" src=\"https:\/\/zahnarzt-adligenswil.ch\/wp-content\/uploads\/2021\/02\/smile2-1024x1024.jpg\" alt=\"\" class=\"wp-image-270\" srcset=\"https:\/\/zahnarzt-adligenswil.ch\/wp-content\/uploads\/2021\/02\/smile2-1024x1024.jpg 1024w, https:\/\/zahnarzt-adligenswil.ch\/wp-content\/uploads\/2021\/02\/smile2-300x300.jpg 300w, https:\/\/zahnarzt-adligenswil.ch\/wp-content\/uploads\/2021\/02\/smile2-150x150.jpg 150w, https:\/\/zahnarzt-adligenswil.ch\/wp-content\/uploads\/2021\/02\/smile2-768x768.jpg 768w, https:\/\/zahnarzt-adligenswil.ch\/wp-content\/uploads\/2021\/02\/smile2-666x666.jpg 666w, https:\/\/zahnarzt-adligenswil.ch\/wp-content\/uploads\/2021\/02\/smile2.jpg 1080w\" sizes=\"auto, (max-width: 1024px) 100vw, 1024px\" \/><\/figure>\n<\/div>\n\n\n\n<div class=\"wp-block-column is-layout-flow wp-block-column-is-layout-flow\" style=\"flex-basis:66.66%\">\n<p style=\"font-size:25px\">\u00c4sthetische Zahnmedizin<\/p>\n\n\n\n<p>Die \u00e4sthetischen Anliegen der Patienten sind sehr vielf\u00e4ltig. Denn die Wirkung sch\u00f6ner und gepflegter Z\u00e4hne auf die Mitmenschen darf nicht untersch\u00e4tzt werden. Dabei geht es nicht nur um eine korrekte Zahnstellung, sondern auch um Form und Farbe. <\/p>\n<\/div>\n<\/div>\n\n\n\n<div class=\"wp-block-columns is-layout-flex wp-container-core-columns-is-layout-9d6595d7 wp-block-columns-is-layout-flex\">\n<div class=\"wp-block-column is-layout-flow wp-block-column-is-layout-flow\" style=\"flex-basis:33.33%\">\n<figure class=\"wp-block-image size-medium is-style-default\"><img loading=\"lazy\" decoding=\"async\" width=\"300\" height=\"300\" src=\"https:\/\/zahnarzt-adligenswil.ch\/wp-content\/uploads\/2021\/01\/Rekonstruktiv-300x300.jpg\" alt=\"\" class=\"wp-image-206\" srcset=\"https:\/\/zahnarzt-adligenswil.ch\/wp-content\/uploads\/2021\/01\/Rekonstruktiv-300x300.jpg 300w, https:\/\/zahnarzt-adligenswil.ch\/wp-content\/uploads\/2021\/01\/Rekonstruktiv-1024x1024.jpg 1024w, https:\/\/zahnarzt-adligenswil.ch\/wp-content\/uploads\/2021\/01\/Rekonstruktiv-150x150.jpg 150w, https:\/\/zahnarzt-adligenswil.ch\/wp-content\/uploads\/2021\/01\/Rekonstruktiv-768x768.jpg 768w, https:\/\/zahnarzt-adligenswil.ch\/wp-content\/uploads\/2021\/01\/Rekonstruktiv-660x660.jpg 660w, https:\/\/zahnarzt-adligenswil.ch\/wp-content\/uploads\/2021\/01\/Rekonstruktiv.jpg 1080w\" sizes=\"auto, (max-width: 300px) 100vw, 300px\" \/><\/figure>\n<\/div>\n\n\n\n<div class=\"wp-block-column is-layout-flow wp-block-column-is-layout-flow\" style=\"flex-basis:66.66%\">\n<p style=\"font-size:25px\">Konservierende Zahnmedizin<\/p>\n\n\n\n<p>Die konservierenden Behandlungen machen den gr\u00f6ssten Teil der t\u00e4glichen Arbeit eines Zahnarztes aus. Dabei wird versucht die gesamte gesunde Zahnsubstanz zu erhalten und nur den erkrankten Teil zu entfernen.<\/p>\n<\/div>\n<\/div>\n\n\n\n<div class=\"wp-block-columns is-layout-flex wp-container-core-columns-is-layout-9d6595d7 wp-block-columns-is-layout-flex\">\n<div class=\"wp-block-column is-layout-flow wp-block-column-is-layout-flow\" style=\"flex-basis:33.33%\">\n<figure class=\"wp-block-image size-medium is-style-default\"><img loading=\"lazy\" decoding=\"async\" width=\"300\" height=\"300\" src=\"https:\/\/zahnarzt-adligenswil.ch\/wp-content\/uploads\/2021\/02\/surgery-300x300.jpg\" alt=\"\" class=\"wp-image-261\" srcset=\"https:\/\/zahnarzt-adligenswil.ch\/wp-content\/uploads\/2021\/02\/surgery-300x300.jpg 300w, https:\/\/zahnarzt-adligenswil.ch\/wp-content\/uploads\/2021\/02\/surgery-1024x1024.jpg 1024w, https:\/\/zahnarzt-adligenswil.ch\/wp-content\/uploads\/2021\/02\/surgery-150x150.jpg 150w, https:\/\/zahnarzt-adligenswil.ch\/wp-content\/uploads\/2021\/02\/surgery-768x768.jpg 768w, https:\/\/zahnarzt-adligenswil.ch\/wp-content\/uploads\/2021\/02\/surgery-666x666.jpg 666w, https:\/\/zahnarzt-adligenswil.ch\/wp-content\/uploads\/2021\/02\/surgery.jpg 1080w\" sizes=\"auto, (max-width: 300px) 100vw, 300px\" \/><\/figure>\n<\/div>\n\n\n\n<div class=\"wp-block-column is-layout-flow wp-block-column-is-layout-flow\" style=\"flex-basis:66.66%\">\n<p style=\"font-size:25px\">Oralchirurgie<\/p>\n\n\n\n<p>Die Oralchirurgie befasst sich mit chirurgischen Eingriffen in der Mundh\u00f6hle, die in der Regel ambulant und in Lokalan\u00e4sthesie durchgef\u00fchrt werden k\u00f6nnen. Zu den h\u00e4ufigsten Eingriffen geh\u00f6ren die Extraktionen von Z\u00e4hnen und die Weisheitszahnentfernung. Auch die Implantate werden ambulant und in Lokalan\u00e4sthesie gesetzt. Wir arbeiten hier mit Spezialisten zusammen.<\/p>\n<\/div>\n<\/div>\n\n\n\n<div class=\"wp-block-columns is-layout-flex wp-container-core-columns-is-layout-9d6595d7 wp-block-columns-is-layout-flex\">\n<div class=\"wp-block-column is-layout-flow wp-block-column-is-layout-flow\" style=\"flex-basis:33.33%\">\n<figure class=\"wp-block-image size-medium is-style-default\"><img loading=\"lazy\" decoding=\"async\" width=\"300\" height=\"300\" src=\"https:\/\/zahnarzt-adligenswil.ch\/wp-content\/uploads\/2021\/01\/Spange-300x300.jpg\" alt=\"\" class=\"wp-image-207\" srcset=\"https:\/\/zahnarzt-adligenswil.ch\/wp-content\/uploads\/2021\/01\/Spange-300x300.jpg 300w, https:\/\/zahnarzt-adligenswil.ch\/wp-content\/uploads\/2021\/01\/Spange-1024x1024.jpg 1024w, https:\/\/zahnarzt-adligenswil.ch\/wp-content\/uploads\/2021\/01\/Spange-150x150.jpg 150w, https:\/\/zahnarzt-adligenswil.ch\/wp-content\/uploads\/2021\/01\/Spange-768x768.jpg 768w, https:\/\/zahnarzt-adligenswil.ch\/wp-content\/uploads\/2021\/01\/Spange-660x660.jpg 660w, https:\/\/zahnarzt-adligenswil.ch\/wp-content\/uploads\/2021\/01\/Spange.jpg 1080w\" sizes=\"auto, (max-width: 300px) 100vw, 300px\" \/><\/figure>\n<\/div>\n\n\n\n<div class=\"wp-block-column is-layout-flow wp-block-column-is-layout-flow\" style=\"flex-basis:66.66%\">\n<p style=\"font-size:25px\">Kieferorthop\u00e4die <\/p>\n\n\n\n<p>Die Kieferorthop\u00e4die befasst sich mit der Korrektur von Zahnfehlstellungen. Es werden je nach Phase der Gebissentwicklung oder Art der Fehlstellung verschiedene Apparaturen eingesetzt. Die Patienten werden daf\u00fcr an Spezialisten in der Zentralschweiz \u00fcberwiesen.<\/p>\n<\/div>\n<\/div>\n","protected":false},"excerpt":{"rendered":"<p>Beratung Eine umfassende und individuelle Beratung ist die Grundlage einer erfolgreichen Behandlung. Dr. med. dent. Beat Huber oder unsere Dentalhygienikerinnen<\/p>\n<p><a href=\"https:\/\/zahnarzt-adligenswil.ch\/?page_id=145\" class=\"more-link\">Continue reading<span class=\"screen-reader-text\">Behandlungen<\/span><\/a><\/p>\n","protected":false},"author":1,"featured_media":0,"parent":0,"menu_order":0,"comment_status":"closed","ping_status":"closed","template":"","meta":{"footnotes":""},"class_list":["post-145","page","type-page","status-publish","hentry"],"_links":{"self":[{"href":"https:\/\/zahnarzt-adligenswil.ch\/index.php?rest_route=\/wp\/v2\/pages\/145","targetHints":{"allow":["GET"]}}],"collection":[{"href":"https:\/\/zahnarzt-adligenswil.ch\/index.php?rest_route=\/wp\/v2\/pages"}],"about":[{"href":"https:\/\/zahnarzt-adligenswil.ch\/index.php?rest_route=\/wp\/v2\/types\/page"}],"author":[{"embeddable":true,"href":"https:\/\/zahnarzt-adligenswil.ch\/index.php?rest_route=\/wp\/v2\/users\/1"}],"replies":[{"embeddable":true,"href":"https:\/\/zahnarzt-adligenswil.ch\/index.php?rest_route=%2Fwp%2Fv2%2Fcomments&post=145"}],"version-history":[{"count":32,"href":"https:\/\/zahnarzt-adligenswil.ch\/index.php?rest_route=\/wp\/v2\/pages\/145\/revisions"}],"predecessor-version":[{"id":275,"href":"https:\/\/zahnarzt-adligenswil.ch\/index.php?rest_route=\/wp\/v2\/pages\/145\/revisions\/275"}],"wp:attachment":[{"href":"https:\/\/zahnarzt-adligenswil.ch\/index.php?rest_route=%2Fwp%2Fv2%2Fmedia&parent=145"}],"curies":[{"name":"wp","href":"https:\/\/api.w.org\/{rel}","templated":true}]}}