{"id":229,"date":"2021-01-29T20:40:43","date_gmt":"2021-01-29T19:40:43","guid":{"rendered":"https:\/\/zahnarzt-adligenswil.ch\/?page_id=229"},"modified":"2021-04-19T08:20:13","modified_gmt":"2021-04-19T07:20:13","slug":"lehrstellen","status":"publish","type":"page","link":"https:\/\/zahnarzt-adligenswil.ch\/?page_id=229","title":{"rendered":"Lehrstellen"},"content":{"rendered":"\n<p>Junge Menschen haben bei uns die M\u00f6glichkeit, den Beruf der DentalassistentIn zu erlernen, Berufserfahrungen zu sammeln und im Berufsleben Fuss zu fassen. Dem gesamten Team bereitet es Freude, die Lehrlinge w\u00e4hrend der dreij\u00e4hrigen Ausbildungszeit zu begleiten und die Freude f\u00fcr den Beruf der DentalassistentIn mit EFZ weiterzugeben. <\/p>\n\n\n\n<p>Folgende Schwerpunkte geh\u00f6ren zum Berufsbildes der DentalassistentIn: <\/p>\n\n\n\n<ul class=\"wp-block-list\" id=\"block-9edf72ce-a0f3-48ec-b011-85a8af877a8a\"><li>Assistenz am Zahnarztstuhl im ganzen Spektrum der Zahnmedizin.<\/li><li>Herstellung von R\u00f6ntgenbildern gem\u00e4ss der Anleitung des Zahnarztes.<\/li><li>Verantwortung f\u00fcr die Desinfektion und Sterilisation aller Instrumente, sowie f\u00fcr die Funktionst\u00fcchtigkeit der Ger\u00e4te.<\/li><li>Verantwortung f\u00fcr das Rechnungswesen, Verbuchung von Zahlungseing\u00e4ngen, F\u00fchrung der Patientenagenda und Bedienung des Telefons.<\/li><li>Verwaltung des gesamten Materials der Praxis.<\/li><\/ul>\n\n\n\n<p><strong>Interessiert an einer Lehrstelle?<br><\/strong><br>Ein Grundinteresse an Medizin, der Wunsch nach Umgang mit unterschiedlichsten Menschen, sowie Teamf\u00e4higkeit und Flexibilit\u00e4t m\u00fcssen vorhanden sein. Eine gute schulische Vorbildung erleichtert die Absolvierung der Lehre. Zudem ist eine gute k\u00f6rperliche Verfassung notwendig, da die Arbeit am Patienten vor allem den R\u00fccken belastet. Des Weiteren ist ein gepflegtes Aussehen, h\u00f6flicher Umgang, Verschwiegenheit und eine gute deutsche Ausdrucksweise Voraussetzung!<br><br>Eine vorangegangene Schnupperlehre ist von Vorteil, da f\u00fcr sich selbst festgestellt werden kann, ob der Beruf gef\u00e4llt und ob man sich vorstellen kann in dem \u00abPraxisteam\u00bb\u00a0die Lehre zu absolvieren. F\u00fcr Schnuppertage k\u00f6nnen Sie unsere Praxis sehr gerne kontaktieren. <\/p>\n\n\n\n<p><strong>Bewerbung  <\/strong><\/p>\n\n\n\n<p>Die Bewerbung erfolgt schriftlich mit Lebenslauf, Zeugnisnoten und falls vorhanden mit Referenzen an Dr. med. dent. Beat Huber.<\/p>\n","protected":false},"excerpt":{"rendered":"<p>Junge Menschen haben bei uns die M\u00f6glichkeit, den Beruf der DentalassistentIn zu erlernen, Berufserfahrungen zu sammeln und im Berufsleben Fuss<\/p>\n<p><a href=\"https:\/\/zahnarzt-adligenswil.ch\/?page_id=229\" class=\"more-link\">Continue reading<span class=\"screen-reader-text\">Lehrstellen<\/span><\/a><\/p>\n","protected":false},"author":1,"featured_media":0,"parent":0,"menu_order":0,"comment_status":"closed","ping_status":"closed","template":"","meta":{"footnotes":""},"class_list":["post-229","page","type-page","status-publish","hentry"],"_links":{"self":[{"href":"https:\/\/zahnarzt-adligenswil.ch\/index.php?rest_route=\/wp\/v2\/pages\/229","targetHints":{"allow":["GET"]}}],"collection":[{"href":"https:\/\/zahnarzt-adligenswil.ch\/index.php?rest_route=\/wp\/v2\/pages"}],"about":[{"href":"https:\/\/zahnarzt-adligenswil.ch\/index.php?rest_route=\/wp\/v2\/types\/page"}],"author":[{"embeddable":true,"href":"https:\/\/zahnarzt-adligenswil.ch\/index.php?rest_route=\/wp\/v2\/users\/1"}],"replies":[{"embeddable":true,"href":"https:\/\/zahnarzt-adligenswil.ch\/index.php?rest_route=%2Fwp%2Fv2%2Fcomments&post=229"}],"version-history":[{"count":4,"href":"https:\/\/zahnarzt-adligenswil.ch\/index.php?rest_route=\/wp\/v2\/pages\/229\/revisions"}],"predecessor-version":[{"id":276,"href":"https:\/\/zahnarzt-adligenswil.ch\/index.php?rest_route=\/wp\/v2\/pages\/229\/revisions\/276"}],"wp:attachment":[{"href":"https:\/\/zahnarzt-adligenswil.ch\/index.php?rest_route=%2Fwp%2Fv2%2Fmedia&parent=229"}],"curies":[{"name":"wp","href":"https:\/\/api.w.org\/{rel}","templated":true}]}}