{"id":64,"date":"2020-11-15T14:26:28","date_gmt":"2020-11-15T13:26:28","guid":{"rendered":"https:\/\/zahnarzt-adligenswil.ch\/?page_id=64"},"modified":"2021-02-04T12:09:09","modified_gmt":"2021-02-04T11:09:09","slug":"ueber-meine-praxis","status":"publish","type":"page","link":"https:\/\/zahnarzt-adligenswil.ch\/?page_id=64","title":{"rendered":"\u00dcber meine Praxis"},"content":{"rendered":"\n<p class=\"has-text-align-left\"><strong>Zahngesundheit<\/strong> <br>Gesunde Z\u00e4hne liegen uns am Herzen, deshalb ist und bleibt die Prophylaxe eine unserer wichtigsten Aufgaben.<\/p>\n\n\n\n<p class=\"has-text-align-left\"><strong>Umfassende Betreuung<\/strong><br>Wir bieten Ihnen eine langfristige, individuelle und pers\u00f6nliche Betreuung in allen zahnmedizinischen Belangen. &nbsp;Kieferchirurgische und kieferorthop\u00e4dische Behandlungen werden in Zusammenarbeit mit Fachspezialisten durchgef\u00fchrt. <\/p>\n\n\n\n<p class=\"has-text-align-left\"><strong>Unkompliziert<\/strong><br>Wir behandeln alle unsere Patienten mit Sorgfalt, viel Erfahrung und Einf\u00fchlungsverm\u00f6gen. <\/p>\n\n\n\n<p class=\"has-text-align-left\"><strong>Ausgebildetes Personal<\/strong><br>Alle <a href=\"https:\/\/zahnarzt-adligenswil.ch\/?page_id=84\">Teammitglieder<\/a> haben eine abgeschlossene Ausbildung in der Schweiz und werden stetig weitergebildet.<\/p>\n\n\n\n<div class=\"wp-block-group\"><div class=\"wp-block-group__inner-container is-layout-flow wp-block-group-is-layout-flow\">\n<div class=\"wp-block-group\"><div class=\"wp-block-group__inner-container is-layout-flow wp-block-group-is-layout-flow\">\n<figure class=\"wp-block-gallery aligncenter columns-6 is-cropped wp-block-gallery-1 is-layout-flex wp-block-gallery-is-layout-flex\"><ul class=\"blocks-gallery-grid\"><li class=\"blocks-gallery-item\"><figure><img loading=\"lazy\" decoding=\"async\" width=\"300\" height=\"300\" src=\"https:\/\/zahnarzt-adligenswil.ch\/wp-content\/uploads\/2021\/01\/Behandlung-1-300x300.jpg\" alt=\"\" data-id=\"187\" data-full-url=\"https:\/\/zahnarzt-adligenswil.ch\/wp-content\/uploads\/2021\/01\/Behandlung-1.jpg\" data-link=\"https:\/\/zahnarzt-adligenswil.ch\/?attachment_id=187\" class=\"wp-image-187\" srcset=\"https:\/\/zahnarzt-adligenswil.ch\/wp-content\/uploads\/2021\/01\/Behandlung-1-300x300.jpg 300w, https:\/\/zahnarzt-adligenswil.ch\/wp-content\/uploads\/2021\/01\/Behandlung-1-1024x1024.jpg 1024w, https:\/\/zahnarzt-adligenswil.ch\/wp-content\/uploads\/2021\/01\/Behandlung-1-150x150.jpg 150w, https:\/\/zahnarzt-adligenswil.ch\/wp-content\/uploads\/2021\/01\/Behandlung-1-768x768.jpg 768w, https:\/\/zahnarzt-adligenswil.ch\/wp-content\/uploads\/2021\/01\/Behandlung-1-660x660.jpg 660w, https:\/\/zahnarzt-adligenswil.ch\/wp-content\/uploads\/2021\/01\/Behandlung-1.jpg 1080w\" sizes=\"auto, (max-width: 300px) 100vw, 300px\" \/><\/figure><\/li><li class=\"blocks-gallery-item\"><figure><img loading=\"lazy\" decoding=\"async\" width=\"300\" height=\"300\" src=\"https:\/\/zahnarzt-adligenswil.ch\/wp-content\/uploads\/2021\/01\/Smile-1-300x300.jpg\" alt=\"\" data-id=\"195\" data-full-url=\"https:\/\/zahnarzt-adligenswil.ch\/wp-content\/uploads\/2021\/01\/Smile-1.jpg\" data-link=\"https:\/\/zahnarzt-adligenswil.ch\/?attachment_id=195\" class=\"wp-image-195\" srcset=\"https:\/\/zahnarzt-adligenswil.ch\/wp-content\/uploads\/2021\/01\/Smile-1-300x300.jpg 300w, https:\/\/zahnarzt-adligenswil.ch\/wp-content\/uploads\/2021\/01\/Smile-1-1024x1024.jpg 1024w, https:\/\/zahnarzt-adligenswil.ch\/wp-content\/uploads\/2021\/01\/Smile-1-150x150.jpg 150w, https:\/\/zahnarzt-adligenswil.ch\/wp-content\/uploads\/2021\/01\/Smile-1-768x768.jpg 768w, https:\/\/zahnarzt-adligenswil.ch\/wp-content\/uploads\/2021\/01\/Smile-1-660x660.jpg 660w, https:\/\/zahnarzt-adligenswil.ch\/wp-content\/uploads\/2021\/01\/Smile-1.jpg 1080w\" sizes=\"auto, (max-width: 300px) 100vw, 300px\" \/><\/figure><\/li><li class=\"blocks-gallery-item\"><figure><img loading=\"lazy\" decoding=\"async\" width=\"300\" height=\"300\" src=\"https:\/\/zahnarzt-adligenswil.ch\/wp-content\/uploads\/2021\/01\/Hockey-1-300x300.jpg\" alt=\"\" data-id=\"194\" data-full-url=\"https:\/\/zahnarzt-adligenswil.ch\/wp-content\/uploads\/2021\/01\/Hockey-1.jpg\" data-link=\"https:\/\/zahnarzt-adligenswil.ch\/?attachment_id=194\" class=\"wp-image-194\" srcset=\"https:\/\/zahnarzt-adligenswil.ch\/wp-content\/uploads\/2021\/01\/Hockey-1-300x300.jpg 300w, https:\/\/zahnarzt-adligenswil.ch\/wp-content\/uploads\/2021\/01\/Hockey-1-1024x1024.jpg 1024w, https:\/\/zahnarzt-adligenswil.ch\/wp-content\/uploads\/2021\/01\/Hockey-1-150x150.jpg 150w, https:\/\/zahnarzt-adligenswil.ch\/wp-content\/uploads\/2021\/01\/Hockey-1-768x768.jpg 768w, https:\/\/zahnarzt-adligenswil.ch\/wp-content\/uploads\/2021\/01\/Hockey-1-660x660.jpg 660w, https:\/\/zahnarzt-adligenswil.ch\/wp-content\/uploads\/2021\/01\/Hockey-1.jpg 1080w\" sizes=\"auto, (max-width: 300px) 100vw, 300px\" \/><\/figure><\/li><li class=\"blocks-gallery-item\"><figure><img loading=\"lazy\" decoding=\"async\" width=\"300\" height=\"300\" src=\"https:\/\/zahnarzt-adligenswil.ch\/wp-content\/uploads\/2021\/01\/Krone-300x300.jpg\" alt=\"\" data-id=\"204\" data-full-url=\"https:\/\/zahnarzt-adligenswil.ch\/wp-content\/uploads\/2021\/01\/Krone.jpg\" data-link=\"https:\/\/zahnarzt-adligenswil.ch\/?attachment_id=204\" class=\"wp-image-204\" srcset=\"https:\/\/zahnarzt-adligenswil.ch\/wp-content\/uploads\/2021\/01\/Krone-300x300.jpg 300w, https:\/\/zahnarzt-adligenswil.ch\/wp-content\/uploads\/2021\/01\/Krone-1024x1024.jpg 1024w, https:\/\/zahnarzt-adligenswil.ch\/wp-content\/uploads\/2021\/01\/Krone-150x150.jpg 150w, https:\/\/zahnarzt-adligenswil.ch\/wp-content\/uploads\/2021\/01\/Krone-768x768.jpg 768w, https:\/\/zahnarzt-adligenswil.ch\/wp-content\/uploads\/2021\/01\/Krone-660x660.jpg 660w, https:\/\/zahnarzt-adligenswil.ch\/wp-content\/uploads\/2021\/01\/Krone.jpg 1080w\" sizes=\"auto, (max-width: 300px) 100vw, 300px\" \/><\/figure><\/li><li class=\"blocks-gallery-item\"><figure><img loading=\"lazy\" decoding=\"async\" width=\"300\" height=\"300\" src=\"https:\/\/zahnarzt-adligenswil.ch\/wp-content\/uploads\/2021\/02\/surgery-300x300.jpg\" alt=\"\" data-id=\"261\" data-full-url=\"https:\/\/zahnarzt-adligenswil.ch\/wp-content\/uploads\/2021\/02\/surgery.jpg\" data-link=\"https:\/\/zahnarzt-adligenswil.ch\/?attachment_id=261\" class=\"wp-image-261\" srcset=\"https:\/\/zahnarzt-adligenswil.ch\/wp-content\/uploads\/2021\/02\/surgery-300x300.jpg 300w, https:\/\/zahnarzt-adligenswil.ch\/wp-content\/uploads\/2021\/02\/surgery-1024x1024.jpg 1024w, https:\/\/zahnarzt-adligenswil.ch\/wp-content\/uploads\/2021\/02\/surgery-150x150.jpg 150w, https:\/\/zahnarzt-adligenswil.ch\/wp-content\/uploads\/2021\/02\/surgery-768x768.jpg 768w, https:\/\/zahnarzt-adligenswil.ch\/wp-content\/uploads\/2021\/02\/surgery-666x666.jpg 666w, https:\/\/zahnarzt-adligenswil.ch\/wp-content\/uploads\/2021\/02\/surgery.jpg 1080w\" sizes=\"auto, (max-width: 300px) 100vw, 300px\" \/><\/figure><\/li><li class=\"blocks-gallery-item\"><figure><img loading=\"lazy\" decoding=\"async\" width=\"300\" height=\"300\" src=\"https:\/\/zahnarzt-adligenswil.ch\/wp-content\/uploads\/2021\/01\/Kind-300x300.jpg\" alt=\"\" data-id=\"203\" data-full-url=\"https:\/\/zahnarzt-adligenswil.ch\/wp-content\/uploads\/2021\/01\/Kind.jpg\" data-link=\"https:\/\/zahnarzt-adligenswil.ch\/?attachment_id=203\" class=\"wp-image-203\" srcset=\"https:\/\/zahnarzt-adligenswil.ch\/wp-content\/uploads\/2021\/01\/Kind-300x300.jpg 300w, https:\/\/zahnarzt-adligenswil.ch\/wp-content\/uploads\/2021\/01\/Kind-1024x1024.jpg 1024w, https:\/\/zahnarzt-adligenswil.ch\/wp-content\/uploads\/2021\/01\/Kind-150x150.jpg 150w, https:\/\/zahnarzt-adligenswil.ch\/wp-content\/uploads\/2021\/01\/Kind-768x768.jpg 768w, https:\/\/zahnarzt-adligenswil.ch\/wp-content\/uploads\/2021\/01\/Kind-660x660.jpg 660w, https:\/\/zahnarzt-adligenswil.ch\/wp-content\/uploads\/2021\/01\/Kind.jpg 1080w\" sizes=\"auto, (max-width: 300px) 100vw, 300px\" \/><\/figure><\/li><\/ul><\/figure>\n<\/div><\/div>\n\n\n\n<p><\/p>\n<\/div><\/div>\n\n\n\n<p><\/p>\n","protected":false},"excerpt":{"rendered":"<p>Zahngesundheit Gesunde Z\u00e4hne liegen uns am Herzen, deshalb ist und bleibt die Prophylaxe eine unserer wichtigsten Aufgaben. Umfassende BetreuungWir bieten<\/p>\n<p><a href=\"https:\/\/zahnarzt-adligenswil.ch\/?page_id=64\" class=\"more-link\">Continue reading<span class=\"screen-reader-text\">\u00dcber meine Praxis<\/span><\/a><\/p>\n","protected":false},"author":1,"featured_media":0,"parent":0,"menu_order":0,"comment_status":"closed","ping_status":"closed","template":"","meta":{"footnotes":""},"class_list":["post-64","page","type-page","status-publish","hentry"],"_links":{"self":[{"href":"https:\/\/zahnarzt-adligenswil.ch\/index.php?rest_route=\/wp\/v2\/pages\/64","targetHints":{"allow":["GET"]}}],"collection":[{"href":"https:\/\/zahnarzt-adligenswil.ch\/index.php?rest_route=\/wp\/v2\/pages"}],"about":[{"href":"https:\/\/zahnarzt-adligenswil.ch\/index.php?rest_route=\/wp\/v2\/types\/page"}],"author":[{"embeddable":true,"href":"https:\/\/zahnarzt-adligenswil.ch\/index.php?rest_route=\/wp\/v2\/users\/1"}],"replies":[{"embeddable":true,"href":"https:\/\/zahnarzt-adligenswil.ch\/index.php?rest_route=%2Fwp%2Fv2%2Fcomments&post=64"}],"version-history":[{"count":14,"href":"https:\/\/zahnarzt-adligenswil.ch\/index.php?rest_route=\/wp\/v2\/pages\/64\/revisions"}],"predecessor-version":[{"id":268,"href":"https:\/\/zahnarzt-adligenswil.ch\/index.php?rest_route=\/wp\/v2\/pages\/64\/revisions\/268"}],"wp:attachment":[{"href":"https:\/\/zahnarzt-adligenswil.ch\/index.php?rest_route=%2Fwp%2Fv2%2Fmedia&parent=64"}],"curies":[{"name":"wp","href":"https:\/\/api.w.org\/{rel}","templated":true}]}}