{"id":72,"date":"2020-11-15T14:35:09","date_gmt":"2020-11-15T13:35:09","guid":{"rendered":"https:\/\/zahnarzt-adligenswil.ch\/?page_id=72"},"modified":"2020-11-15T16:54:02","modified_gmt":"2020-11-15T15:54:02","slug":"notfall","status":"publish","type":"page","link":"https:\/\/zahnarzt-adligenswil.ch\/?page_id=72","title":{"rendered":"Notfall"},"content":{"rendered":"\n<p><strong>Rufen Sie uns an! <\/strong>Gerade bei Zahnunf\u00e4llen mit Frakturen oder dem Verlust ganzer Z\u00e4hne ist es f\u00fcr den Heilungsverlauf entscheidend, dass die Erstversorgung schnellstm\u00f6glich erfolgt.<\/p>\n\n\n\n<p>Wir sind stets bestrebt allen Notfallpatienten noch am selben Tag einen Termin anzubieten. Der zahn\u00e4rztliche Notfalldienst der SSO LUZERN deckt die <strong>Notfallversorgung ausserhalb der offiziellen \u00d6ffnungszeiten ab: 0848 582 489<\/strong><\/p>\n\n\n\n<p><a href=\"https:\/\/zahnarzt-adligenswil.ch\/wp-content\/uploads\/2020\/11\/Zahnunfaelle_A3_D.pdf\">Vorgehen bei Zahnunf\u00e4llen |\u00a0Info-Blatt Universit\u00e4t Z\u00fcrich<\/a><\/p>\n","protected":false},"excerpt":{"rendered":"<p>Rufen Sie uns an! Gerade bei Zahnunf\u00e4llen mit Frakturen oder dem Verlust ganzer Z\u00e4hne ist es f\u00fcr den Heilungsverlauf entscheidend,<\/p>\n<p><a href=\"https:\/\/zahnarzt-adligenswil.ch\/?page_id=72\" class=\"more-link\">Continue reading<span class=\"screen-reader-text\">Notfall<\/span><\/a><\/p>\n","protected":false},"author":1,"featured_media":0,"parent":0,"menu_order":0,"comment_status":"closed","ping_status":"closed","template":"","meta":{"footnotes":""},"class_list":["post-72","page","type-page","status-publish","hentry"],"_links":{"self":[{"href":"https:\/\/zahnarzt-adligenswil.ch\/index.php?rest_route=\/wp\/v2\/pages\/72","targetHints":{"allow":["GET"]}}],"collection":[{"href":"https:\/\/zahnarzt-adligenswil.ch\/index.php?rest_route=\/wp\/v2\/pages"}],"about":[{"href":"https:\/\/zahnarzt-adligenswil.ch\/index.php?rest_route=\/wp\/v2\/types\/page"}],"author":[{"embeddable":true,"href":"https:\/\/zahnarzt-adligenswil.ch\/index.php?rest_route=\/wp\/v2\/users\/1"}],"replies":[{"embeddable":true,"href":"https:\/\/zahnarzt-adligenswil.ch\/index.php?rest_route=%2Fwp%2Fv2%2Fcomments&post=72"}],"version-history":[{"count":3,"href":"https:\/\/zahnarzt-adligenswil.ch\/index.php?rest_route=\/wp\/v2\/pages\/72\/revisions"}],"predecessor-version":[{"id":143,"href":"https:\/\/zahnarzt-adligenswil.ch\/index.php?rest_route=\/wp\/v2\/pages\/72\/revisions\/143"}],"wp:attachment":[{"href":"https:\/\/zahnarzt-adligenswil.ch\/index.php?rest_route=%2Fwp%2Fv2%2Fmedia&parent=72"}],"curies":[{"name":"wp","href":"https:\/\/api.w.org\/{rel}","templated":true}]}}